{"id":16,"date":"2014-09-20T21:28:59","date_gmt":"2014-09-20T19:28:59","guid":{"rendered":"http:\/\/drueckeberger.eu\/wordpress\/?page_id=16"},"modified":"2021-01-16T19:03:52","modified_gmt":"2021-01-16T17:03:52","slug":"ueber-uns","status":"publish","type":"page","link":"http:\/\/drueckeberger.eu\/wordpress\/","title":{"rendered":"\u00dcber uns"},"content":{"rendered":"<p><a href=\"http:\/\/drueckeberger.eu\/wordpress\/wp-content\/uploads\/2014\/09\/cropped-Header-klein-wp.jpg\"><img loading=\"lazy\" decoding=\"async\" class=\"alignnone size-full wp-image-106\" src=\"http:\/\/drueckeberger.eu\/wordpress\/wp-content\/uploads\/2014\/09\/cropped-Header-klein-wp.jpg\" alt=\"cropped-Header-klein-wp.jpg\" width=\"1260\" height=\"272\" srcset=\"http:\/\/drueckeberger.eu\/wordpress\/wp-content\/uploads\/2014\/09\/cropped-Header-klein-wp.jpg 1260w, http:\/\/drueckeberger.eu\/wordpress\/wp-content\/uploads\/2014\/09\/cropped-Header-klein-wp-300x64.jpg 300w, http:\/\/drueckeberger.eu\/wordpress\/wp-content\/uploads\/2014\/09\/cropped-Header-klein-wp-1024x221.jpg 1024w\" sizes=\"(max-width: 1260px) 100vw, 1260px\" \/><\/a><\/p>\n<p style=\"padding-left: 30px;\">Wir sind Sch\u00fclerinnen und Sch\u00fcler der Klassen 6-12.<br \/>\nIn der Kunst -Ag &#8222;Siebdruck&#8220; haben wir bei unseren KunstlehrerInnen gelernt, wie wir unsere eigenen Motive auf T-Shirts drucken k\u00f6nnen.<\/p>\n<p style=\"padding-left: 30px;\">Mittlerweile bearbeiten wir\u00a0 gr\u00f6\u00dfere Auftr\u00e4ge f\u00fcr andere Schulen und Vereine.<a href=\"http:\/\/www.gymnasium-asterstein.de\"><img loading=\"lazy\" decoding=\"async\" class=\"wp-image-114 aligncenter\" src=\"http:\/\/drueckeberger.eu\/wordpress\/wp-content\/uploads\/2014\/09\/GadA-Logo-farbe-300x171.jpg\" alt=\"GadA-Logo-farbe\" width=\"192\" height=\"109\" srcset=\"http:\/\/drueckeberger.eu\/wordpress\/wp-content\/uploads\/2014\/09\/GadA-Logo-farbe-300x171.jpg 300w, http:\/\/drueckeberger.eu\/wordpress\/wp-content\/uploads\/2014\/09\/GadA-Logo-farbe-1024x583.jpg 1024w, http:\/\/drueckeberger.eu\/wordpress\/wp-content\/uploads\/2014\/09\/GadA-Logo-farbe.jpg 1500w\" sizes=\"(max-width: 192px) 100vw, 192px\" \/><\/a><\/p>\n<p style=\"padding-left: 30px;\">Angefangen hat alles in der <em>langen Malnacht<\/em>. Dort haben wir zum ersten Mal T-Shirts bearbeitet und bedruckt. Das hat uns so viel Spa\u00df gemacht, dass wir begonnen haben auch T-Shirts in der Kunst-AG zu bedrucken und neue Motive zu entwerfen. Aus diesen anf\u00e4nglichen privaten Drucken hat sich dann die Sch\u00fclerfirma <strong><em>\u201eDie Dr\u00fcckeberger\u201c<\/em><\/strong> entwickelt.<\/p>\n<p style=\"padding-left: 30px;\">Nun drucken wir sowohl f\u00fcr Privatpersonen als auch f\u00fcr Organisationen. Die Motive k\u00f6nnen die Privatpersonen in unserem Repertoire an Motiven ansehen und bestellen.<\/p>\n<hr \/>\n<p style=\"padding-left: 90px;\">\n","protected":false},"excerpt":{"rendered":"<p>Wir sind Sch\u00fclerinnen und Sch\u00fcler der Klassen 6-12. In der Kunst -Ag &#8222;Siebdruck&#8220; haben wir bei unseren KunstlehrerInnen gelernt, wie wir unsere eigenen Motive auf T-Shirts drucken k\u00f6nnen. Mittlerweile bearbeiten wir\u00a0 gr\u00f6\u00dfere Auftr\u00e4ge f\u00fcr andere Schulen und Vereine. Angefangen hat alles in der langen Malnacht. Dort haben wir zum ersten Mal T-Shirts bearbeitet und bedruckt. &hellip; <a href=\"http:\/\/drueckeberger.eu\/wordpress\/\" class=\"more-link\"><span class=\"screen-reader-text\">\u00dcber uns<\/span> weiterlesen <span class=\"meta-nav\">&rarr;<\/span><\/a><\/p>\n","protected":false},"author":1,"featured_media":0,"parent":0,"menu_order":1,"comment_status":"closed","ping_status":"closed","template":"","meta":{"ngg_post_thumbnail":0,"footnotes":""},"_links":{"self":[{"href":"http:\/\/drueckeberger.eu\/wordpress\/index.php?rest_route=\/wp\/v2\/pages\/16"}],"collection":[{"href":"http:\/\/drueckeberger.eu\/wordpress\/index.php?rest_route=\/wp\/v2\/pages"}],"about":[{"href":"http:\/\/drueckeberger.eu\/wordpress\/index.php?rest_route=\/wp\/v2\/types\/page"}],"author":[{"embeddable":true,"href":"http:\/\/drueckeberger.eu\/wordpress\/index.php?rest_route=\/wp\/v2\/users\/1"}],"replies":[{"embeddable":true,"href":"http:\/\/drueckeberger.eu\/wordpress\/index.php?rest_route=%2Fwp%2Fv2%2Fcomments&post=16"}],"version-history":[{"count":15,"href":"http:\/\/drueckeberger.eu\/wordpress\/index.php?rest_route=\/wp\/v2\/pages\/16\/revisions"}],"predecessor-version":[{"id":241,"href":"http:\/\/drueckeberger.eu\/wordpress\/index.php?rest_route=\/wp\/v2\/pages\/16\/revisions\/241"}],"wp:attachment":[{"href":"http:\/\/drueckeberger.eu\/wordpress\/index.php?rest_route=%2Fwp%2Fv2%2Fmedia&parent=16"}],"curies":[{"name":"wp","href":"https:\/\/api.w.org\/{rel}","templated":true}]}}